{"id":87,"date":"2019-03-08T13:43:12","date_gmt":"2019-03-08T13:43:12","guid":{"rendered":"http:\/\/www.ommahastklinik.se\/?page_id=87"},"modified":"2024-07-14T14:49:27","modified_gmt":"2024-07-14T14:49:27","slug":"tandlakare","status":"publish","type":"page","link":"https:\/\/www.ommahastklinik.se\/index.php\/tandlakare\/","title":{"rendered":"Tandtekniker"},"content":{"rendered":"\n<p>MATHIEU BOISSONNEAU \u00e4r v\u00e5ran h\u00e4sttandtekniker. Han  \u00e4r utbildad i Belgien p\u00e5 Ecole Europ\u00e9ene de Dentisterie Equine, \u00e4r ocks\u00e5 ryttare och kommer fr\u00e5n Frankrike.<br>Mathieu kommer till oss varje onsdag. Han \u00e4r mycket intresserat i h\u00e4stens mun och t\u00e4nder. Han \u00e4r noggran och kunnig, har bra hand med h\u00e4star och \u00e4r mycket omtyckt av v\u00e5ra kunder.<\/p>\n","protected":false},"excerpt":{"rendered":"<p>MATHIEU BOISSONNEAU \u00e4r v\u00e5ran h\u00e4sttandtekniker. Han \u00e4r utbildad i Belgien p\u00e5 Ecole Europ\u00e9ene de Dentisterie Equine, \u00e4r ocks\u00e5 ryttare och kommer fr\u00e5n Frankrike.Mathieu kommer till oss varje onsdag. Han \u00e4r mycket intresserat i h\u00e4stens mun och t\u00e4nder. Han \u00e4r noggran och kunnig, har bra hand med h\u00e4star och \u00e4r mycket omtyckt av v\u00e5ra kunder.<\/p>\n","protected":false},"author":1,"featured_media":0,"parent":0,"menu_order":0,"comment_status":"closed","ping_status":"closed","template":"","meta":{"footnotes":""},"class_list":["post-87","page","type-page","status-publish","hentry"],"_links":{"self":[{"href":"https:\/\/www.ommahastklinik.se\/index.php\/wp-json\/wp\/v2\/pages\/87"}],"collection":[{"href":"https:\/\/www.ommahastklinik.se\/index.php\/wp-json\/wp\/v2\/pages"}],"about":[{"href":"https:\/\/www.ommahastklinik.se\/index.php\/wp-json\/wp\/v2\/types\/page"}],"author":[{"embeddable":true,"href":"https:\/\/www.ommahastklinik.se\/index.php\/wp-json\/wp\/v2\/users\/1"}],"replies":[{"embeddable":true,"href":"https:\/\/www.ommahastklinik.se\/index.php\/wp-json\/wp\/v2\/comments?post=87"}],"version-history":[{"count":1,"href":"https:\/\/www.ommahastklinik.se\/index.php\/wp-json\/wp\/v2\/pages\/87\/revisions"}],"predecessor-version":[{"id":437,"href":"https:\/\/www.ommahastklinik.se\/index.php\/wp-json\/wp\/v2\/pages\/87\/revisions\/437"}],"wp:attachment":[{"href":"https:\/\/www.ommahastklinik.se\/index.php\/wp-json\/wp\/v2\/media?parent=87"}],"curies":[{"name":"wp","href":"https:\/\/api.w.org\/{rel}","templated":true}]}}