{"id":84,"date":"2019-03-08T13:41:10","date_gmt":"2019-03-08T13:41:10","guid":{"rendered":"http:\/\/www.ommahastklinik.se\/?page_id=84"},"modified":"2026-04-30T06:54:38","modified_gmt":"2026-04-30T06:54:38","slug":"nytt-pa-omma-hastklinik","status":"publish","type":"page","link":"https:\/\/www.ommahastklinik.se\/","title":{"rendered":"Nytt p\u00e5 Omma h\u00e4stklinik"},"content":{"rendered":"\n<p>From 1.05.2026 utf\u00f6r vi inte l\u00e4ngre tr\u00e4ckprov<\/p>\n\n\n\n<p>From den 1.1. 2026 \u00e4r det obligatoriskt med anl\u00e4gningsnummer f\u00f6r alla h\u00e4star som ska behandlas.<\/p>\n\n\n\n<p>Johan Belfrage 073 5130893   och<\/p>\n\n\n\n<p>Nathalie Purgleiter (H\u00e4stveterin\u00e4r Sk\u00e5ne)  070 8204497<\/p>\n\n\n\n<p>\u00e4r  ambulerande veterin\u00e4rer som kan hj\u00e4lpa er vid akutfall mm. <\/p>\n\n\n\n<p>Natalie har portabel r\u00f6ntgen<\/p>\n\n\n\n<p><\/p>\n\n\n\n<p><\/p>\n\n\n\n<p><\/p>\n\n\n\n<p>Vi har n\u00e4ra samarbete med Juliane Klink, equiterapeut.<\/p>\n\n\n\n<p>Juliane (072-5114868) \u00e4r p\u00e5 kiniken p\u00e5 torsdagar.<\/p>\n\n\n\n<p>tandtekniker Mathieu (070-7418825) kommer p\u00e5 onsdagar<\/p>\n\n\n\n<p>F\u00f6r vaccinationer har vi drop-in men ring g\u00e4rna f\u00f6r att veta att vi \u00e4r p\u00e5 plats!<\/p>\n\n\n\n<p><\/p>\n\n\n\n<p><\/p>\n","protected":false},"excerpt":{"rendered":"<p>From 1.05.2026 utf\u00f6r vi inte l\u00e4ngre tr\u00e4ckprov From den 1.1. 2026 \u00e4r det obligatoriskt med anl\u00e4gningsnummer f\u00f6r alla h\u00e4star som ska behandlas. Johan Belfrage 073 5130893 och Nathalie Purgleiter (H\u00e4stveterin\u00e4r Sk\u00e5ne) 070 8204497 \u00e4r ambulerande veterin\u00e4rer som kan hj\u00e4lpa er vid akutfall mm. Natalie har portabel r\u00f6ntgen Vi har n\u00e4ra samarbete med Juliane Klink, equiterapeut. &hellip; <\/p>\n<p class=\"link-more\"><a href=\"https:\/\/www.ommahastklinik.se\/\" class=\"more-link\">Continue reading<span class=\"screen-reader-text\"> &#8220;Nytt p\u00e5 Omma h\u00e4stklinik&#8221;<\/span><\/a><\/p>\n","protected":false},"author":1,"featured_media":0,"parent":0,"menu_order":0,"comment_status":"closed","ping_status":"closed","template":"","meta":{"footnotes":""},"class_list":["post-84","page","type-page","status-publish","hentry"],"_links":{"self":[{"href":"https:\/\/www.ommahastklinik.se\/index.php\/wp-json\/wp\/v2\/pages\/84"}],"collection":[{"href":"https:\/\/www.ommahastklinik.se\/index.php\/wp-json\/wp\/v2\/pages"}],"about":[{"href":"https:\/\/www.ommahastklinik.se\/index.php\/wp-json\/wp\/v2\/types\/page"}],"author":[{"embeddable":true,"href":"https:\/\/www.ommahastklinik.se\/index.php\/wp-json\/wp\/v2\/users\/1"}],"replies":[{"embeddable":true,"href":"https:\/\/www.ommahastklinik.se\/index.php\/wp-json\/wp\/v2\/comments?post=84"}],"version-history":[{"count":20,"href":"https:\/\/www.ommahastklinik.se\/index.php\/wp-json\/wp\/v2\/pages\/84\/revisions"}],"predecessor-version":[{"id":534,"href":"https:\/\/www.ommahastklinik.se\/index.php\/wp-json\/wp\/v2\/pages\/84\/revisions\/534"}],"wp:attachment":[{"href":"https:\/\/www.ommahastklinik.se\/index.php\/wp-json\/wp\/v2\/media?parent=84"}],"curies":[{"name":"wp","href":"https:\/\/api.w.org\/{rel}","templated":true}]}}