{"id":82,"date":"2019-03-08T13:42:59","date_gmt":"2019-03-08T13:42:59","guid":{"rendered":"http:\/\/www.ommahastklinik.se\/?page_id=82"},"modified":"2024-07-14T14:49:38","modified_gmt":"2024-07-14T14:49:38","slug":"stotvag","status":"publish","type":"page","link":"https:\/\/www.ommahastklinik.se\/index.php\/stotvag\/","title":{"rendered":"St\u00f6tv\u00e5g"},"content":{"rendered":"\n<p>St\u00f6tv\u00e5gsbehandling \u00e4r en icke-invasiv behandling. Man skapar en serie akustiska v\u00e5gpulsationer med l\u00e5g energi som appliceras direkt p\u00e5 skadan via huden.<\/p>\n\n\n\n<p>Indikation f\u00f6r H\u00e4st:<br>Skador p\u00e5 ligament och senf\u00e4ste<br>Senskador<br>Ligamentskador<br>Fissur, Stressfraktur, Osteolys<br>Muskelskador<br>Kissing Spines<\/p>\n\n\n\n<p>Det finns m\u00f6jligheten att bara best\u00e4lla st\u00f6tv\u00e5gsbehandling<\/p>\n\n\n\n<p><\/p>\n\n\n\n<p><\/p>\n","protected":false},"excerpt":{"rendered":"<p>St\u00f6tv\u00e5gsbehandling \u00e4r en icke-invasiv behandling. Man skapar en serie akustiska v\u00e5gpulsationer med l\u00e5g energi som appliceras direkt p\u00e5 skadan via huden. Indikation f\u00f6r H\u00e4st:Skador p\u00e5 ligament och senf\u00e4steSenskadorLigamentskadorFissur, Stressfraktur, OsteolysMuskelskadorKissing Spines Det finns m\u00f6jligheten att bara best\u00e4lla st\u00f6tv\u00e5gsbehandling<\/p>\n","protected":false},"author":1,"featured_media":0,"parent":0,"menu_order":0,"comment_status":"closed","ping_status":"closed","template":"","meta":{"footnotes":""},"class_list":["post-82","page","type-page","status-publish","hentry"],"_links":{"self":[{"href":"https:\/\/www.ommahastklinik.se\/index.php\/wp-json\/wp\/v2\/pages\/82"}],"collection":[{"href":"https:\/\/www.ommahastklinik.se\/index.php\/wp-json\/wp\/v2\/pages"}],"about":[{"href":"https:\/\/www.ommahastklinik.se\/index.php\/wp-json\/wp\/v2\/types\/page"}],"author":[{"embeddable":true,"href":"https:\/\/www.ommahastklinik.se\/index.php\/wp-json\/wp\/v2\/users\/1"}],"replies":[{"embeddable":true,"href":"https:\/\/www.ommahastklinik.se\/index.php\/wp-json\/wp\/v2\/comments?post=82"}],"version-history":[{"count":1,"href":"https:\/\/www.ommahastklinik.se\/index.php\/wp-json\/wp\/v2\/pages\/82\/revisions"}],"predecessor-version":[{"id":436,"href":"https:\/\/www.ommahastklinik.se\/index.php\/wp-json\/wp\/v2\/pages\/82\/revisions\/436"}],"wp:attachment":[{"href":"https:\/\/www.ommahastklinik.se\/index.php\/wp-json\/wp\/v2\/media?parent=82"}],"curies":[{"name":"wp","href":"https:\/\/api.w.org\/{rel}","templated":true}]}}