{"id":227,"date":"2019-04-15T14:20:10","date_gmt":"2019-04-15T14:20:10","guid":{"rendered":"http:\/\/www.ommahastklinik.se\/?page_id=227"},"modified":"2024-07-14T14:51:38","modified_gmt":"2024-07-14T14:51:38","slug":"avlivning","status":"publish","type":"page","link":"https:\/\/www.ommahastklinik.se\/index.php\/avlivning\/","title":{"rendered":"Avlivning"},"content":{"rendered":"\n<p>Vi genomf\u00f6r medicinsk avlivning. <br>Efter avlivningen kommer lantbrukstj\u00e4nst att h\u00e4mta h\u00e4sten f\u00f6r kremering.<\/p>\n\n\n\n<p><\/p>\n","protected":false},"excerpt":{"rendered":"<p>Vi genomf\u00f6r medicinsk avlivning. Efter avlivningen kommer lantbrukstj\u00e4nst att h\u00e4mta h\u00e4sten f\u00f6r kremering.<\/p>\n","protected":false},"author":1,"featured_media":0,"parent":0,"menu_order":0,"comment_status":"closed","ping_status":"closed","template":"","meta":{"footnotes":""},"class_list":["post-227","page","type-page","status-publish","hentry"],"_links":{"self":[{"href":"https:\/\/www.ommahastklinik.se\/index.php\/wp-json\/wp\/v2\/pages\/227"}],"collection":[{"href":"https:\/\/www.ommahastklinik.se\/index.php\/wp-json\/wp\/v2\/pages"}],"about":[{"href":"https:\/\/www.ommahastklinik.se\/index.php\/wp-json\/wp\/v2\/types\/page"}],"author":[{"embeddable":true,"href":"https:\/\/www.ommahastklinik.se\/index.php\/wp-json\/wp\/v2\/users\/1"}],"replies":[{"embeddable":true,"href":"https:\/\/www.ommahastklinik.se\/index.php\/wp-json\/wp\/v2\/comments?post=227"}],"version-history":[{"count":1,"href":"https:\/\/www.ommahastklinik.se\/index.php\/wp-json\/wp\/v2\/pages\/227\/revisions"}],"predecessor-version":[{"id":419,"href":"https:\/\/www.ommahastklinik.se\/index.php\/wp-json\/wp\/v2\/pages\/227\/revisions\/419"}],"wp:attachment":[{"href":"https:\/\/www.ommahastklinik.se\/index.php\/wp-json\/wp\/v2\/media?parent=227"}],"curies":[{"name":"wp","href":"https:\/\/api.w.org\/{rel}","templated":true}]}}