{"id":221,"date":"2019-04-15T13:39:24","date_gmt":"2019-04-15T13:39:24","guid":{"rendered":"http:\/\/www.ommahastklinik.se\/?page_id=221"},"modified":"2024-07-14T14:50:44","modified_gmt":"2024-07-14T14:50:44","slug":"acp","status":"publish","type":"page","link":"https:\/\/www.ommahastklinik.se\/index.php\/acp\/","title":{"rendered":"IRAP\/ACP"},"content":{"rendered":"\n<p>ACP  Autologous Conditioned Plasma<br>Detta \u00e4r en behandlingsmetod som vi anv\u00e4nder med gott resultat vid ledbehandling.<br>Genom centrifugering av h\u00e4stens eget blod koncentrerar man trombocyterna i plasman. Plasman  injiceras i leden. <br>Trombocyterna som kommer utanf\u00f6r blodbanan blir aktiverar och frig\u00f6r olika proteiner som \u00e4r viktiga f\u00f6r l\u00e4kning av brosket.<br>ACP kan framst\u00e4llas och anv\u00e4ndas direkt vid h\u00e4stens bes\u00f6k p\u00e5 kliniken<\/p>\n\n\n\n<p>ACP kan \u00e4ven anv\u00e4ndas f\u00f6r sen- eller muskelskador.<\/p>\n\n\n\n<p>IRAP Interleucin 1 receptor antagonist protein<br>Detta \u00e4r ocks\u00e5 en behandlingsmetod d\u00e4r man anv\u00e4nder h\u00e4stens eget blod och framst\u00e4ller ett plasma  som man injicera i  h\u00e4stens led.<br>IRAP stoppar interleukin, en inflammationsmediator som startar en ledinflammation, och d\u00e4rmed stoppar inflammationen och nerbrytning av brosket i leden.<br>Vid denna behandlingsmetod  tar man blodet i en spruta som inneh\u00e5ller specialbehandlade glaskulor som ska hj\u00e4lpa att koncentrera det verksama proteinet. Sen inkuberas sprutan med  blodet i 24 timmar innan man centrifugerar och filtrerar det.<br>Beroende p\u00e5 storleken av leden man vill behandla brukar man framst\u00e4lla 5 till 8 doser som f\u00f6rvaras i frysen.<br>Man rekommenderar 3 behandlingar med 1 veckas mellanrum.<br><br><\/p>\n\n\n\n<p><\/p>\n\n\n\n<p><\/p>\n","protected":false},"excerpt":{"rendered":"<p>ACP Autologous Conditioned PlasmaDetta \u00e4r en behandlingsmetod som vi anv\u00e4nder med gott resultat vid ledbehandling.Genom centrifugering av h\u00e4stens eget blod koncentrerar man trombocyterna i plasman. Plasman injiceras i leden. Trombocyterna som kommer utanf\u00f6r blodbanan blir aktiverar och frig\u00f6r olika proteiner som \u00e4r viktiga f\u00f6r l\u00e4kning av brosket.ACP kan framst\u00e4llas och anv\u00e4ndas direkt vid h\u00e4stens bes\u00f6k &hellip; <\/p>\n<p class=\"link-more\"><a href=\"https:\/\/www.ommahastklinik.se\/index.php\/acp\/\" class=\"more-link\">Continue reading<span class=\"screen-reader-text\"> &#8220;IRAP\/ACP&#8221;<\/span><\/a><\/p>\n","protected":false},"author":1,"featured_media":0,"parent":0,"menu_order":0,"comment_status":"closed","ping_status":"closed","template":"","meta":{"footnotes":""},"class_list":["post-221","page","type-page","status-publish","hentry"],"_links":{"self":[{"href":"https:\/\/www.ommahastklinik.se\/index.php\/wp-json\/wp\/v2\/pages\/221"}],"collection":[{"href":"https:\/\/www.ommahastklinik.se\/index.php\/wp-json\/wp\/v2\/pages"}],"about":[{"href":"https:\/\/www.ommahastklinik.se\/index.php\/wp-json\/wp\/v2\/types\/page"}],"author":[{"embeddable":true,"href":"https:\/\/www.ommahastklinik.se\/index.php\/wp-json\/wp\/v2\/users\/1"}],"replies":[{"embeddable":true,"href":"https:\/\/www.ommahastklinik.se\/index.php\/wp-json\/wp\/v2\/comments?post=221"}],"version-history":[{"count":1,"href":"https:\/\/www.ommahastklinik.se\/index.php\/wp-json\/wp\/v2\/pages\/221\/revisions"}],"predecessor-version":[{"id":427,"href":"https:\/\/www.ommahastklinik.se\/index.php\/wp-json\/wp\/v2\/pages\/221\/revisions\/427"}],"wp:attachment":[{"href":"https:\/\/www.ommahastklinik.se\/index.php\/wp-json\/wp\/v2\/media?parent=221"}],"curies":[{"name":"wp","href":"https:\/\/api.w.org\/{rel}","templated":true}]}}