{"id":22,"date":"2019-03-01T11:29:32","date_gmt":"2019-03-01T11:29:32","guid":{"rendered":"http:\/\/www.ommahastklinik.se\/?page_id=22"},"modified":"2026-04-30T06:55:40","modified_gmt":"2026-04-30T06:55:40","slug":"priser","status":"publish","type":"page","link":"https:\/\/www.ommahastklinik.se\/index.php\/priser\/","title":{"rendered":"Priser"},"content":{"rendered":"\n<p>Alla priser \u00e4r inklusive moms<\/p>\n\n\n\n<figure class=\"wp-block-table aligncenter\"><table><tbody><tr><td><strong>Behandling<\/strong><br><\/td><td><\/td><td><strong>Pris<\/strong><\/td><\/tr><tr><td>Vaccination Influensa<\/td><td><\/td><td>390:-<\/td><\/tr><tr><td>                           Influensa +Tetanus<\/td><td><\/td><td>420:-<\/td><\/tr><tr><td>                           Tetanus<\/td><td><\/td><td>270:-<\/td><\/tr><tr><td>                            Botulism<\/td><td><\/td><td>580:-<\/td><\/tr><tr><td>                           Herpesvirus<\/td><td><\/td><td>450:-<br><\/td><\/tr><tr><td><\/td><td><\/td><td><\/td><\/tr><tr><td>Stationsavgift<\/td><td><\/td><td>400:-<\/td><\/tr><tr><td>H\u00e4ltutredning b\u00f6jprov, longering<\/td><td><\/td><td>2250:-<\/td><\/tr><tr><td>Diagnostisk anestesi led <\/td><td><\/td><td> 450:-<\/td><\/tr><tr><td>Ledbehandling<\/td><td><\/td><td> 375:-<\/td><\/tr><tr><td>Bloprov Hematologi<\/td><td><\/td><td>750:-<br><\/td><\/tr><tr><td>Vetcheck<\/td><td><\/td><td>2000:-<\/td><\/tr><tr><td>B\u00f6jprov<\/td><td><\/td><td>1250:-<\/td><\/tr><tr><td><\/td><td><\/td><td><\/td><\/tr><tr><td>Besiktning<\/td><td><\/td><td>3800:-<\/td><\/tr><tr><td>Avbruten besiktning<\/td><td><\/td><td>2500:-<\/td><\/tr><tr><td>Besiktning med videoendoskopi<\/td><td><\/td><td>4200-<\/td><\/tr><tr><td>Exportr\u00f6ntgen inkl. extra bilder vid behov<\/td><td><\/td><td>4000:-<\/td><\/tr><tr><td>Exportr\u00f6ntgen + rygg<\/td><td><\/td><td>5500:-<\/td><\/tr><tr><td>Exportr\u00f6ntgen + rygg+hals<\/td><td><\/td><td>7200:-<\/td><\/tr><tr><td>OCD r\u00f6ntgen (l\u00f6sa benbitar) 12 projektioner inkl. extra bilder vid behov<\/td><td><\/td><td>3200:-<\/td><\/tr><tr><td>R\u00f6ntgen rygg<\/td><td><\/td><td>3100:-<\/td><\/tr><tr><td>R\u00f6ntgen hals<\/td><td><\/td><td>3300:-<\/td><\/tr><tr><td><\/td><td><\/td><td><\/td><\/tr><tr><td>R\u00f6ntgen grundavgift <\/td><td><\/td><td>1200:-<\/td><\/tr><tr><td>R\u00f6ntgen per bild (upp till 10)<\/td><td><\/td><td> 200:-<\/td><\/tr><tr><td>R\u00f6ntgen extra bild \u00f6ver 10<\/td><td><\/td><td> 150:-<\/td><\/tr><tr><td>Ultraljudsunders\u00f6kning skenben<\/td><td><\/td><td>1750:-<\/td><\/tr><tr><td>Ultraljudsunders\u00f6kning led\/muskelskada<\/td><td><\/td><td>2500:-<\/td><\/tr><tr><td>Ultraljudsunders\u00f6kning hals\/rygg<\/td><td><\/td><td>3125:-<\/td><\/tr><tr><td>Videoendoskopi<\/td><td><\/td><td>2500:-<\/td><\/tr><tr><td>Munh\u00e5leinspektion<\/td><td><\/td><td> 650:-<\/td><\/tr><tr><td>Munh\u00e5leinspektion inkl. tandraspning enkel<br><\/td><td><\/td><td>1625:-<\/td><\/tr><tr><td>Priser f\u00f6r st\u00f6tv\u00e5g och radioterapi kan variera<br><\/td><td><\/td><td><br><\/td><\/tr><tr><td>St\u00f6tv\u00e5gsbehandling  enkel  <br><\/td><td><\/td><td>500:-<\/td><\/tr><tr><td>St\u00f6tv\u00e5gsbehanling  (rygg)<br><\/td><td><\/td><td>950:-<br><\/td><\/tr><tr><td>Radioterapi <br><\/td><td><\/td><td> 1000:-<\/td><\/tr><tr><td>Munh\u00e5leinspektion inkl. tandraspning ny kund <br>Munh\u00e5leinspektion inkl.tandraspning och extra \u00e5tg\u00e4rd<\/td><td><\/td><td>2000:-<\/td><\/tr><\/tbody><\/table><\/figure>\n\n\n\n<p>L\u00e4sning r\u00f6ntgenbilder p\u00e5 h\u00e4star som ej unders\u00f6ks eller ska unders\u00f6kas p\u00e5 kliniken debiteras med en grundavgift p\u00e5 500:-<\/p>\n\n\n\n<ul class=\"wp-block-list\">\n<li><\/li>\n<\/ul>\n\n\n\n<p><\/p>\n\n\n\n<p><\/p>\n\n\n\n<p><\/p>\n","protected":false},"excerpt":{"rendered":"<p>Alla priser \u00e4r inklusive moms Behandling Pris Vaccination Influensa 390:- Influensa +Tetanus 420:- Tetanus 270:- Botulism 580:- Herpesvirus 450:- Stationsavgift 400:- H\u00e4ltutredning b\u00f6jprov, longering 2250:- Diagnostisk anestesi led 450:- Ledbehandling 375:- Bloprov Hematologi 750:- Vetcheck 2000:- B\u00f6jprov 1250:- Besiktning 3800:- Avbruten besiktning 2500:- Besiktning med videoendoskopi 4200- Exportr\u00f6ntgen inkl. extra bilder vid behov 4000:- Exportr\u00f6ntgen &hellip; <\/p>\n<p class=\"link-more\"><a href=\"https:\/\/www.ommahastklinik.se\/index.php\/priser\/\" class=\"more-link\">Continue reading<span class=\"screen-reader-text\"> &#8220;Priser&#8221;<\/span><\/a><\/p>\n","protected":false},"author":1,"featured_media":0,"parent":0,"menu_order":0,"comment_status":"closed","ping_status":"closed","template":"","meta":{"footnotes":""},"class_list":["post-22","page","type-page","status-publish","hentry"],"_links":{"self":[{"href":"https:\/\/www.ommahastklinik.se\/index.php\/wp-json\/wp\/v2\/pages\/22"}],"collection":[{"href":"https:\/\/www.ommahastklinik.se\/index.php\/wp-json\/wp\/v2\/pages"}],"about":[{"href":"https:\/\/www.ommahastklinik.se\/index.php\/wp-json\/wp\/v2\/types\/page"}],"author":[{"embeddable":true,"href":"https:\/\/www.ommahastklinik.se\/index.php\/wp-json\/wp\/v2\/users\/1"}],"replies":[{"embeddable":true,"href":"https:\/\/www.ommahastklinik.se\/index.php\/wp-json\/wp\/v2\/comments?post=22"}],"version-history":[{"count":10,"href":"https:\/\/www.ommahastklinik.se\/index.php\/wp-json\/wp\/v2\/pages\/22\/revisions"}],"predecessor-version":[{"id":536,"href":"https:\/\/www.ommahastklinik.se\/index.php\/wp-json\/wp\/v2\/pages\/22\/revisions\/536"}],"wp:attachment":[{"href":"https:\/\/www.ommahastklinik.se\/index.php\/wp-json\/wp\/v2\/media?parent=22"}],"curies":[{"name":"wp","href":"https:\/\/api.w.org\/{rel}","templated":true}]}}