{"id":212,"date":"2019-04-14T11:10:45","date_gmt":"2019-04-14T11:10:45","guid":{"rendered":"http:\/\/www.ommahastklinik.se\/?page_id=212"},"modified":"2024-07-14T14:51:04","modified_gmt":"2024-07-14T14:51:04","slug":"forsaljning","status":"publish","type":"page","link":"https:\/\/www.ommahastklinik.se\/index.php\/forsaljning\/","title":{"rendered":"F\u00f6rs\u00e4ljning"},"content":{"rendered":"\n<p>Vi s\u00e4ljar olika produkter fr\u00e5n olika leverant\u00f6rer.<br>Produkter f\u00f6r hud-\/s\u00e5rbehandling, mag-\/tarmproblem, luftv\u00e4gsproblem, n\u00e5gra fodertillskott och vad \u00e4n efterfr\u00e5gan best\u00e4mmer.<\/p>\n","protected":false},"excerpt":{"rendered":"<p>Vi s\u00e4ljar olika produkter fr\u00e5n olika leverant\u00f6rer.Produkter f\u00f6r hud-\/s\u00e5rbehandling, mag-\/tarmproblem, luftv\u00e4gsproblem, n\u00e5gra fodertillskott och vad \u00e4n efterfr\u00e5gan best\u00e4mmer.<\/p>\n","protected":false},"author":1,"featured_media":0,"parent":0,"menu_order":0,"comment_status":"closed","ping_status":"closed","template":"","meta":{"footnotes":""},"class_list":["post-212","page","type-page","status-publish","hentry"],"_links":{"self":[{"href":"https:\/\/www.ommahastklinik.se\/index.php\/wp-json\/wp\/v2\/pages\/212"}],"collection":[{"href":"https:\/\/www.ommahastklinik.se\/index.php\/wp-json\/wp\/v2\/pages"}],"about":[{"href":"https:\/\/www.ommahastklinik.se\/index.php\/wp-json\/wp\/v2\/types\/page"}],"author":[{"embeddable":true,"href":"https:\/\/www.ommahastklinik.se\/index.php\/wp-json\/wp\/v2\/users\/1"}],"replies":[{"embeddable":true,"href":"https:\/\/www.ommahastklinik.se\/index.php\/wp-json\/wp\/v2\/comments?post=212"}],"version-history":[{"count":1,"href":"https:\/\/www.ommahastklinik.se\/index.php\/wp-json\/wp\/v2\/pages\/212\/revisions"}],"predecessor-version":[{"id":424,"href":"https:\/\/www.ommahastklinik.se\/index.php\/wp-json\/wp\/v2\/pages\/212\/revisions\/424"}],"wp:attachment":[{"href":"https:\/\/www.ommahastklinik.se\/index.php\/wp-json\/wp\/v2\/media?parent=212"}],"curies":[{"name":"wp","href":"https:\/\/api.w.org\/{rel}","templated":true}]}}