{"id":201,"date":"2019-04-14T10:44:52","date_gmt":"2019-04-14T10:44:52","guid":{"rendered":"http:\/\/www.ommahastklinik.se\/?page_id=201"},"modified":"2024-07-14T14:52:01","modified_gmt":"2024-07-14T14:52:01","slug":"tandvard","status":"publish","type":"page","link":"https:\/\/www.ommahastklinik.se\/index.php\/tandvard\/","title":{"rendered":"Tandv\u00e5rd"},"content":{"rendered":"\n<p>Vi g\u00f6r munh\u00e5leunders\u00f6kningar och tandbehandlingar som extirpation av vargt\u00e4nder, vanlig tandraspning.<br>F\u00f6r lite mer avancerade problem som tandfickor , oj\u00e4mnheter mm har vi en tandtekniker som kommer varje onsdag eftermiddag.<\/p>\n","protected":false},"excerpt":{"rendered":"<p>Vi g\u00f6r munh\u00e5leunders\u00f6kningar och tandbehandlingar som extirpation av vargt\u00e4nder, vanlig tandraspning.F\u00f6r lite mer avancerade problem som tandfickor , oj\u00e4mnheter mm har vi en tandtekniker som kommer varje onsdag eftermiddag.<\/p>\n","protected":false},"author":1,"featured_media":0,"parent":0,"menu_order":0,"comment_status":"closed","ping_status":"closed","template":"","meta":{"footnotes":""},"class_list":["post-201","page","type-page","status-publish","hentry"],"_links":{"self":[{"href":"https:\/\/www.ommahastklinik.se\/index.php\/wp-json\/wp\/v2\/pages\/201"}],"collection":[{"href":"https:\/\/www.ommahastklinik.se\/index.php\/wp-json\/wp\/v2\/pages"}],"about":[{"href":"https:\/\/www.ommahastklinik.se\/index.php\/wp-json\/wp\/v2\/types\/page"}],"author":[{"embeddable":true,"href":"https:\/\/www.ommahastklinik.se\/index.php\/wp-json\/wp\/v2\/users\/1"}],"replies":[{"embeddable":true,"href":"https:\/\/www.ommahastklinik.se\/index.php\/wp-json\/wp\/v2\/comments?post=201"}],"version-history":[{"count":1,"href":"https:\/\/www.ommahastklinik.se\/index.php\/wp-json\/wp\/v2\/pages\/201\/revisions"}],"predecessor-version":[{"id":438,"href":"https:\/\/www.ommahastklinik.se\/index.php\/wp-json\/wp\/v2\/pages\/201\/revisions\/438"}],"wp:attachment":[{"href":"https:\/\/www.ommahastklinik.se\/index.php\/wp-json\/wp\/v2\/media?parent=201"}],"curies":[{"name":"wp","href":"https:\/\/api.w.org\/{rel}","templated":true}]}}