{"id":177,"date":"2019-04-14T09:29:03","date_gmt":"2019-04-14T09:29:03","guid":{"rendered":"http:\/\/www.ommahastklinik.se\/?page_id=177"},"modified":"2024-07-14T14:49:57","modified_gmt":"2024-07-14T14:49:57","slug":"rontgen","status":"publish","type":"page","link":"https:\/\/www.ommahastklinik.se\/index.php\/rontgen\/","title":{"rendered":"R\u00f6ntgen"},"content":{"rendered":"\n<p>Vi har en Fuji Direktdigital r\u00f6ntgenutrustning med m\u00f6jligheten att skicka r\u00f6ntgenbilder vidare i DICOM format .<\/p>\n","protected":false},"excerpt":{"rendered":"<p>Vi har en Fuji Direktdigital r\u00f6ntgenutrustning med m\u00f6jligheten att skicka r\u00f6ntgenbilder vidare i DICOM format .<\/p>\n","protected":false},"author":1,"featured_media":0,"parent":0,"menu_order":0,"comment_status":"closed","ping_status":"closed","template":"","meta":{"footnotes":""},"class_list":["post-177","page","type-page","status-publish","hentry"],"_links":{"self":[{"href":"https:\/\/www.ommahastklinik.se\/index.php\/wp-json\/wp\/v2\/pages\/177"}],"collection":[{"href":"https:\/\/www.ommahastklinik.se\/index.php\/wp-json\/wp\/v2\/pages"}],"about":[{"href":"https:\/\/www.ommahastklinik.se\/index.php\/wp-json\/wp\/v2\/types\/page"}],"author":[{"embeddable":true,"href":"https:\/\/www.ommahastklinik.se\/index.php\/wp-json\/wp\/v2\/users\/1"}],"replies":[{"embeddable":true,"href":"https:\/\/www.ommahastklinik.se\/index.php\/wp-json\/wp\/v2\/comments?post=177"}],"version-history":[{"count":1,"href":"https:\/\/www.ommahastklinik.se\/index.php\/wp-json\/wp\/v2\/pages\/177\/revisions"}],"predecessor-version":[{"id":434,"href":"https:\/\/www.ommahastklinik.se\/index.php\/wp-json\/wp\/v2\/pages\/177\/revisions\/434"}],"wp:attachment":[{"href":"https:\/\/www.ommahastklinik.se\/index.php\/wp-json\/wp\/v2\/media?parent=177"}],"curies":[{"name":"wp","href":"https:\/\/api.w.org\/{rel}","templated":true}]}}