{"id":171,"date":"2019-04-14T08:50:53","date_gmt":"2019-04-14T08:50:53","guid":{"rendered":"http:\/\/www.ommahastklinik.se\/?page_id=171"},"modified":"2024-07-14T14:50:58","modified_gmt":"2024-07-14T14:50:58","slug":"halt-rorelseutredning","status":"publish","type":"page","link":"https:\/\/www.ommahastklinik.se\/index.php\/halt-rorelseutredning\/","title":{"rendered":"H\u00e4lt\/r\u00f6relseutredning"},"content":{"rendered":"\n<p>Vi g\u00f6r h\u00e4lt och r\u00f6relseutredning med fokusering p\u00e5 longering p\u00e5 h\u00e5rt och mjukt underlag.<\/p>\n\n\n\n<p>Vi tittar f\u00f6rst p\u00e5 hur din h\u00e4st r\u00f6r sig fritt vid longering. Longeringen ber\u00e4tta f\u00f6r oss hur vi ska g\u00e5 vidare: beh\u00f6vs det ett b\u00f6jprov eller  ska vi f\u00f6rst unders\u00f6ker ryggen eller halsen eller hoven n\u00e4rmare ? Eller ska vi se h\u00e4sten riden? Det finns m\u00e5nga olika v\u00e4gar att g\u00e5.  Vi kan beh\u00f6va s\u00e4tta olika nerv eller ledbed\u00f6vningar f\u00f6r att  hitta problemet. Under tiden som vi arbeta med eran h\u00e4st kan vi st\u00e4lla olika fr\u00e5gor och samla information fr\u00e5n er som kan hj\u00e4lpa oss till att hitta h\u00e4stens problem. Kommunikation mellan er och oss \u00e4r viktigt!<\/p>\n\n\n\n<p>Det h\u00e4nder att vi bed\u00f6mmer att en equiterapeut ska titta p\u00e5 eran h\u00e4st.<br>P\u00e5 torsdagar \u00e4r Juliane , v\u00e5ran equiterapeut p\u00e5 kliniken och kan titta p\u00e5 eran h\u00e4st tillsammans med oss. <br>Vi kan \u00e4ven  sammarbeta med eran egna equiterapeut.<\/p>\n\n\n\n<p><\/p>\n\n\n\n<p><\/p>\n","protected":false},"excerpt":{"rendered":"<p>Vi g\u00f6r h\u00e4lt och r\u00f6relseutredning med fokusering p\u00e5 longering p\u00e5 h\u00e5rt och mjukt underlag. Vi tittar f\u00f6rst p\u00e5 hur din h\u00e4st r\u00f6r sig fritt vid longering. Longeringen ber\u00e4tta f\u00f6r oss hur vi ska g\u00e5 vidare: beh\u00f6vs det ett b\u00f6jprov eller ska vi f\u00f6rst unders\u00f6ker ryggen eller halsen eller hoven n\u00e4rmare ? Eller ska vi se &hellip; <\/p>\n<p class=\"link-more\"><a href=\"https:\/\/www.ommahastklinik.se\/index.php\/halt-rorelseutredning\/\" class=\"more-link\">Continue reading<span class=\"screen-reader-text\"> &#8220;H\u00e4lt\/r\u00f6relseutredning&#8221;<\/span><\/a><\/p>\n","protected":false},"author":1,"featured_media":0,"parent":0,"menu_order":0,"comment_status":"closed","ping_status":"closed","template":"","meta":{"footnotes":""},"class_list":["post-171","page","type-page","status-publish","hentry"],"_links":{"self":[{"href":"https:\/\/www.ommahastklinik.se\/index.php\/wp-json\/wp\/v2\/pages\/171"}],"collection":[{"href":"https:\/\/www.ommahastklinik.se\/index.php\/wp-json\/wp\/v2\/pages"}],"about":[{"href":"https:\/\/www.ommahastklinik.se\/index.php\/wp-json\/wp\/v2\/types\/page"}],"author":[{"embeddable":true,"href":"https:\/\/www.ommahastklinik.se\/index.php\/wp-json\/wp\/v2\/users\/1"}],"replies":[{"embeddable":true,"href":"https:\/\/www.ommahastklinik.se\/index.php\/wp-json\/wp\/v2\/comments?post=171"}],"version-history":[{"count":1,"href":"https:\/\/www.ommahastklinik.se\/index.php\/wp-json\/wp\/v2\/pages\/171\/revisions"}],"predecessor-version":[{"id":425,"href":"https:\/\/www.ommahastklinik.se\/index.php\/wp-json\/wp\/v2\/pages\/171\/revisions\/425"}],"wp:attachment":[{"href":"https:\/\/www.ommahastklinik.se\/index.php\/wp-json\/wp\/v2\/media?parent=171"}],"curies":[{"name":"wp","href":"https:\/\/api.w.org\/{rel}","templated":true}]}}